{"id":1642,"date":"2014-08-08T21:31:27","date_gmt":"2014-08-08T21:31:27","guid":{"rendered":"http:\/\/themes.pixelwars.org\/readme-wp\/?page_id=30"},"modified":"2025-08-24T10:50:54","modified_gmt":"2025-08-24T10:50:54","slug":"about-me","status":"publish","type":"page","link":"https:\/\/ievasimkonyte.com\/index.php\/about-me\/","title":{"rendered":"ABOUT ME"},"content":{"rendered":"<p>[vc_row][vc_column][vc_column_text][\/vc_column_text][vc_column_text]<strong>ABOUT ME<\/strong><\/p>\n<p>I am a spatial designer and storyteller who designs experiences and tells stories through spaces. I collaborate with museums and cultural institutions to create participatory learning environments that connect visitors with history, science, and culture.<\/p>\n<p>My practice is based on in-depth research on exhibition subjects. I communicate complex scientific and historical concepts to wide audiences through information systems, gamification, and interaction design. I aim to elicit a sense of curiosity and encourage visitors to deepen their knowledge, ask questions, and feel a sense of belonging to museums and cultures.<\/p>\n<p>&nbsp;<\/p>\n<p><strong>EXHIBITION AND SPATIAL DESIGN<\/strong><\/p>\n<p>\u2739 \u00a0\u201cObservatory of Ideas\u201d, permanent exhibition at Vilnius University Museum, 2025<\/p>\n<p>\u2739\u00a0 \u201cLubolfs Liberts. The Hypnotic Brilliance of Art Deco\u201d, Lithuanian Theatre, Music and Cinema Museum, 2025<\/p>\n<p>\u2739\u00a0 \u201cPa\u0161nipin\u0117kim: Homes and Stories in \u0160nipi\u0161k\u0117s\u201d, open-air exhibition organised by Wooden Architecture Centre and Vilnius Museum, 2025<\/p>\n<p>\u2739\u00a0 \u201cSensory Corner\u201d, a space focused on accessibility for people with disabilities, at Visitor Centre of Kaunas Lagoon Regional Park, 2025<\/p>\n<p>\u2739\u00a0 \u201cDeparting! Mstislav Dobuzhinsky\u2019s Travel Guide\u201d, Lithuanian Theatre, Music and Cinema Museum, 2024<\/p>\n<p>\u2739\u00a0 \u201cTrail of Angels\u201d, design of VR experience centers in Vilnius and Klaip\u0117da, 2023\u20132024<\/p>\n<p>\u2739\u00a0 Space for people with autism at the Kasiulis Museum lobby, 2024<\/p>\n<p>\u2739\u00a0 \u201cArtists\u2019 Holidays in the Interwar Period: Resorts, Dune Goddesses, and Rural Pleasures\u201d, Lithuanian Theatre, Music and Cinema Museum, 2024<\/p>\n<p>\u2739\u00a0 \u201cLituanica: To Dream and to Conquer\u201d, Lithuanian Theatre, Music and Cinema Museum, 2023<\/p>\n<p>\u2739\u00a0 \u201cLet Us Mourn the Fall of Prussia\u201d, Lithuanian Theatre, Music and Cinema Museum, 2023<\/p>\n<p>\u2739\u00a0 \u201cHealing Wounds of the Soul\u201d, Vilnius University, participating in the project \u201cIdentity on the Line\u201d by Creative Europe, 2022<\/p>\n<p>&nbsp;<\/p>\n<p data-start=\"1418\" data-end=\"1442\"><strong data-start=\"1418\" data-end=\"1440\">INTERACTION DESIGN<\/strong><\/p>\n<p data-start=\"1445\" data-end=\"1541\">\u2739\u00a0 Permanent exhibition of early 20th-century Lithuanian art, National Gallery of Lithuania, 2025<\/p>\n<p data-start=\"1544\" data-end=\"1583\">\u2739\u00a0 \u201cGerman Street\u201d, Vilnius Museum, 2022<\/p>\n<p data-start=\"1586\" data-end=\"1664\">\u2739\u00a0 \u201cUnrealised Projects in Vilnius from the 20th Century\u201d, Vilnius Museum, 2021<\/p>\n<p data-start=\"1667\" data-end=\"1768\">\u2739\u00a0 \u201cInside the Sarcophagus: Studying the Mummies of Ancient Egypt\u201d, National Museum of Lithuania, 2021<\/p>\n<p>&nbsp;<\/p>\n<p data-start=\"1418\" data-end=\"1442\"><strong data-start=\"1418\" data-end=\"1440\">OTHER<\/strong><\/p>\n<p data-start=\"1784\" data-end=\"1811\">\u2739\u00a0 Museums Lab speaker, 2025<\/p>\n<p data-start=\"1814\" data-end=\"1859\">\u2739\u00a0 Museums Lab 2024 alumni (Germany and Ghana)<\/p>\n<p data-start=\"1862\" data-end=\"1910\">\u2739\u00a0 Resident at the ZKM as part of MuseumsLab 2024<\/p>\n<p data-start=\"1913\" data-end=\"1992\">\u2739\u00a0 Guest lecturer at the Vilnius College of Design, Interior Design course, 2023<\/p>\n<p data-start=\"1995\" data-end=\"2095\">\u2739\u00a0 \u201cBrixton House Theatre: Children\u2019s Performance Space\u201d \u2013 volunteered with Built by Matt+Fiona, 2023<\/p>\n<p data-start=\"2098\" data-end=\"2167\">\u2739\u00a0 EIT Jumpstarter finalist in the New European Bauhaus category, 2022<\/p>\n<p data-start=\"2170\" data-end=\"2280\">\u2739\u00a0 \u201cUrban Cultural Planning\u201d \u2013 Researcher at Vilnius Tech University as part of the Interreg project, 2020\u20132021<\/p>\n<p>&nbsp;<\/p>\n<p><strong>EDUCATION<\/strong><\/p>\n<p>MA Information Experience Design \/\/ Experimental Design pathway<br \/>\nRoyal College of Art, UK 2017 &#8211; 2019<\/p>\n<p>BA Spatial Design \/\/ Exhibition Design pathway<br \/>\nUniversity of the Arts London, UK 2014 &#8211; 2017<\/p>\n<p>&nbsp;<\/p>\n<p><strong>CONTACT<\/strong><\/p>\n<p>Contact me about projects:\u00a0 <a style=\"color: black;\" href=\"mailto:simkonyte.ieva@gmail.com\">simkonyte.ieva@gmail.com<\/a><\/p>\n<p>&nbsp;<\/p>\n<p>[\/vc_column_text][\/vc_column][\/vc_row]<\/p>\n","protected":false},"excerpt":{"rendered":"<p>[vc_row][vc_column][vc_column_text][\/vc_column_text][vc_column_text]ABOUT ME I am a spatial designer and storyteller who designs experiences and tells stories through spaces. I collaborate with museums and cultural institutions to create participatory learning environments that connect visitors with history, science, and culture. My practice is based on in-depth research on exhibition subjects. I communicate complex scientific and historical concepts to [&hellip;]<\/p>\n","protected":false},"author":1,"featured_media":0,"parent":0,"menu_order":0,"comment_status":"closed","ping_status":"closed","template":"template-page-builder-no-sidebar.php","meta":{"jetpack_post_was_ever_published":false,"_vp_format_video_url":"","_vp_image_focal_point":[],"footnotes":""},"class_list":["post-1642","page","type-page","status-publish","hentry"],"jetpack_sharing_enabled":true,"jetpack_shortlink":"https:\/\/wp.me\/PaFyMu-qu","_links":{"self":[{"href":"https:\/\/ievasimkonyte.com\/index.php\/wp-json\/wp\/v2\/pages\/1642","targetHints":{"allow":["GET"]}}],"collection":[{"href":"https:\/\/ievasimkonyte.com\/index.php\/wp-json\/wp\/v2\/pages"}],"about":[{"href":"https:\/\/ievasimkonyte.com\/index.php\/wp-json\/wp\/v2\/types\/page"}],"author":[{"embeddable":true,"href":"https:\/\/ievasimkonyte.com\/index.php\/wp-json\/wp\/v2\/users\/1"}],"replies":[{"embeddable":true,"href":"https:\/\/ievasimkonyte.com\/index.php\/wp-json\/wp\/v2\/comments?post=1642"}],"version-history":[{"count":52,"href":"https:\/\/ievasimkonyte.com\/index.php\/wp-json\/wp\/v2\/pages\/1642\/revisions"}],"predecessor-version":[{"id":2623,"href":"https:\/\/ievasimkonyte.com\/index.php\/wp-json\/wp\/v2\/pages\/1642\/revisions\/2623"}],"wp:attachment":[{"href":"https:\/\/ievasimkonyte.com\/index.php\/wp-json\/wp\/v2\/media?parent=1642"}],"curies":[{"name":"wp","href":"https:\/\/api.w.org\/{rel}","templated":true}]}}